{"id":55,"date":"2024-11-25T22:11:02","date_gmt":"2024-11-25T22:11:02","guid":{"rendered":"https:\/\/junginstitut.study\/?page_id=55"},"modified":"2024-11-30T07:53:05","modified_gmt":"2024-11-30T07:53:05","slug":"rappresentanti","status":"publish","type":"page","link":"https:\/\/junginstitut.study\/?page_id=55&lang=fr","title":{"rendered":"Repr\u00e9sentant\u00b7e\u00b7s"},"content":{"rendered":"\n<p>En tant que repr\u00e9sentant\u00b7e\u00b7s des \u00e9tudiant\u00b7e\u00b7s, nous nous engageons \u00e0 r\u00e9pondre \u00e0 vos pr\u00e9occupations, \u00e0 favoriser les \u00e9changes entre vous et \u00e0 d\u00e9fendre vos int\u00e9r\u00eats aupr\u00e8s de l&#8217;institut.<\/p>\n\n\n\n<p>Voici qui nous sommes :<\/p>\n\n\n\n<p><strong>Luigi Ramazio<\/strong><br>Luxembourg, Luxembourg<br>Candidat au dipl\u00f4me, Psychanalyse (IAAP)<br>E-mail : <a>luigiramazio@yahoo.it<\/a><br>Langues : Italien, Fran\u00e7ais, Anglais, Espagnol, un peu de Grec, un peu de Portugais<\/p>\n\n\n\n<p><strong>Roger Amgwerd<\/strong><br>Zurich, Suisse<br>Candidat au dipl\u00f4me, Psychanalyse (IAAP)<br>E-mail : <a>roger.amgwerd@gmail.com<\/a><br>Langues : Suisse allemand, Allemand, Anglais<\/p>\n\n\n\n<p><strong>Okan Yildirimlar<\/strong><br>Berne, Suisse<br>Candidat au dipl\u00f4me, Psychoth\u00e9rapie analytique (BAG)<br>E-mail : <a>info@tiefsicht.ch<\/a><br>Langues : Suisse allemand, Allemand, Turc, Anglais<\/p>\n\n\n\n<p><strong>Caitlin Stephens<\/strong><br>Zurich, Suisse<br>Candidatte au dipl\u00f4me, Psychanalyse (IAAP)<br>E-mail : <a>info@caitlinstephens.ch<\/a><br>Langues : Anglais, Allemand<\/p>\n\n\n\n<p>Nous sommes \u00e0 votre disposition pour toute question, pr\u00e9occupation ou simplement pour \u00e9changer.<\/p>\n\n\n\n<p>Ensemble, nous cr\u00e9ons une communaut\u00e9 \u00e9tudiante vivante et solidaire !<\/p>\n","protected":false},"excerpt":{"rendered":"<p>En tant que repr\u00e9sentant\u00b7e\u00b7s des \u00e9tudiant\u00b7e\u00b7s, nous nous engageons \u00e0 r\u00e9pondre \u00e0 vos pr\u00e9occupations, \u00e0 favoriser les \u00e9changes entre vous et \u00e0 d\u00e9fendre vos int\u00e9r\u00eats aupr\u00e8s de&hellip; <span class=\"read-more\"><a class=\"more-link\" href=\"https:\/\/junginstitut.study\/?page_id=55&#038;lang=fr\" rel=\"bookmark\">Read more <span class=\"screen-reader-text\">&#171;Repr\u00e9sentant\u00b7e\u00b7s&#187;<\/span><\/a><\/span><\/p>\n","protected":false},"author":1,"featured_media":0,"parent":0,"menu_order":0,"comment_status":"closed","ping_status":"closed","template":"","meta":{"footnotes":""},"class_list":["post-55","page","type-page","status-publish","hentry"],"_links":{"self":[{"href":"https:\/\/junginstitut.study\/index.php?rest_route=\/wp\/v2\/pages\/55","targetHints":{"allow":["GET"]}}],"collection":[{"href":"https:\/\/junginstitut.study\/index.php?rest_route=\/wp\/v2\/pages"}],"about":[{"href":"https:\/\/junginstitut.study\/index.php?rest_route=\/wp\/v2\/types\/page"}],"author":[{"embeddable":true,"href":"https:\/\/junginstitut.study\/index.php?rest_route=\/wp\/v2\/users\/1"}],"replies":[{"embeddable":true,"href":"https:\/\/junginstitut.study\/index.php?rest_route=%2Fwp%2Fv2%2Fcomments&post=55"}],"version-history":[{"count":3,"href":"https:\/\/junginstitut.study\/index.php?rest_route=\/wp\/v2\/pages\/55\/revisions"}],"predecessor-version":[{"id":98,"href":"https:\/\/junginstitut.study\/index.php?rest_route=\/wp\/v2\/pages\/55\/revisions\/98"}],"wp:attachment":[{"href":"https:\/\/junginstitut.study\/index.php?rest_route=%2Fwp%2Fv2%2Fmedia&parent=55"}],"curies":[{"name":"wp","href":"https:\/\/api.w.org\/{rel}","templated":true}]}}