{"id":69,"date":"2024-11-25T22:44:59","date_gmt":"2024-11-25T22:44:59","guid":{"rendered":"https:\/\/junginstitut.study\/?page_id=69"},"modified":"2024-11-25T22:54:54","modified_gmt":"2024-11-25T22:54:54","slug":"informationen","status":"publish","type":"page","link":"https:\/\/junginstitut.study\/?page_id=69","title":{"rendered":"Informationen"},"content":{"rendered":"\n<p><strong>Willkommen in der Studierendenvereinigung<\/strong><\/p>\n\n\n\n<p>Als Student:in bist du automatisch Teil der Studierendenvereinigung.<\/p>\n\n\n\n<p>Unsere Aktivit\u00e4ten werden durch deinen freiwilligen Beitrag von CHF 20.- bei der Semestereinschreibung erm\u00f6glicht. Vielen Dank f\u00fcr deine Unterst\u00fctzung!<\/p>\n\n\n\n<p>Die Studierendenvereinigung \u00fcbernimmt vielf\u00e4ltige Aufgaben, um den Austausch und die Zusammenarbeit zwischen Studierenden und dem Institut zu f\u00f6rdern:<\/p>\n\n\n\n<h3 class=\"wp-block-heading\">Unsere Aufgaben<\/h3>\n\n\n\n<ul class=\"wp-block-list\">\n<li><strong>Interessenvertretung:<\/strong>\n<ul class=\"wp-block-list\">\n<li>Diskussion und Weiterleitung von Anliegen, Fragen und W\u00fcnschen der Studierenden an die Institutsleitung.<\/li>\n\n\n\n<li>Teilnahme an Treffen mit der Programmdirektion, der Studiendirektion, den Programmkomitees und akkreditierten Analytiker:innen (mit Stimmrecht).<\/li>\n<\/ul>\n<\/li>\n\n\n\n<li><strong>Anlaufstelle:<\/strong>\n<ul class=\"wp-block-list\">\n<li>Unterst\u00fctzung und Beantwortung von Anfragen neuer Studierender.<\/li>\n<\/ul>\n<\/li>\n\n\n\n<li><strong>Kommunikation:<\/strong>\n<ul class=\"wp-block-list\">\n<li>Vermittlung zwischen den Studierenden und der Institutsadministration.<\/li>\n\n\n\n<li>Pflege und Aktualisierung der Studierenden-Webseite.<\/li>\n<\/ul>\n<\/li>\n\n\n\n<li><strong>Verwaltung:<\/strong>\n<ul class=\"wp-block-list\">\n<li>Organisation des Bankkontos und Budgets der Studierendenvereinigung.<\/li>\n<\/ul>\n<\/li>\n\n\n\n<li><strong>Raumgestaltung:<\/strong>\n<ul class=\"wp-block-list\">\n<li>Pflege und Unterhalt des Studierendenzimmers im obersten Stockwerk des Instituts in K\u00fcsnacht.<\/li>\n<\/ul>\n<\/li>\n\n\n\n<li><strong>Vernetzung:<\/strong>\n<ul class=\"wp-block-list\">\n<li>F\u00f6rderung des Austausches mit Studierenden anderer Institutionen, wie beispielsweise der ISAP (<a href=\"http:\/\/www.isapzurich.com\">www.isapzurich.com<\/a>).<\/li>\n<\/ul>\n<\/li>\n<\/ul>\n\n\n\n<h3 class=\"wp-block-heading\">Begegnungen und Raum f\u00fcr Austausch<\/h3>\n\n\n\n<p>Das Institut bietet zahlreiche Gelegenheiten f\u00fcr inspirierende Begegnungen \u2013 sei es in Vorlesungen, Seminaren, auf den G\u00e4ngen, im Garten oder am See.<\/p>\n\n\n\n<p>Im <strong>2. Stock<\/strong> des Instituts findest du ausserdem das <strong>Studierendenzimmer mit Seesicht<\/strong>. Dieser Raum steht dir zum Essen, Trinken, Reden, Studieren oder Ausruhen zur Verf\u00fcgung. Zur Ausstattung geh\u00f6ren eine Nespresso-Kaffeemaschine, ein Computer, ein Drucker, Tische, St\u00fchle, Sofas und ein Anschlagbrett.<\/p>\n\n\n\n<p>Wir freuen uns darauf, dich in der Studierendenvereinigung willkommen zu heissen und mit dir gemeinsam das Leben am Institut zu gestalten!<\/p>\n","protected":false},"excerpt":{"rendered":"<p>Willkommen in der Studierendenvereinigung Als Student:in bist du automatisch Teil der Studierendenvereinigung. Unsere Aktivit\u00e4ten werden durch deinen freiwilligen Beitrag von CHF 20.- bei der Semestereinschreibung erm\u00f6glicht. Vielen&hellip; <span class=\"read-more\"><a class=\"more-link\" href=\"https:\/\/junginstitut.study\/?page_id=69\" rel=\"bookmark\">Read more <span class=\"screen-reader-text\">&#171;Informationen&#187;<\/span><\/a><\/span><\/p>\n","protected":false},"author":1,"featured_media":0,"parent":0,"menu_order":0,"comment_status":"closed","ping_status":"closed","template":"","meta":{"footnotes":""},"class_list":["post-69","page","type-page","status-publish","hentry"],"_links":{"self":[{"href":"https:\/\/junginstitut.study\/index.php?rest_route=\/wp\/v2\/pages\/69","targetHints":{"allow":["GET"]}}],"collection":[{"href":"https:\/\/junginstitut.study\/index.php?rest_route=\/wp\/v2\/pages"}],"about":[{"href":"https:\/\/junginstitut.study\/index.php?rest_route=\/wp\/v2\/types\/page"}],"author":[{"embeddable":true,"href":"https:\/\/junginstitut.study\/index.php?rest_route=\/wp\/v2\/users\/1"}],"replies":[{"embeddable":true,"href":"https:\/\/junginstitut.study\/index.php?rest_route=%2Fwp%2Fv2%2Fcomments&post=69"}],"version-history":[{"count":4,"href":"https:\/\/junginstitut.study\/index.php?rest_route=\/wp\/v2\/pages\/69\/revisions"}],"predecessor-version":[{"id":91,"href":"https:\/\/junginstitut.study\/index.php?rest_route=\/wp\/v2\/pages\/69\/revisions\/91"}],"wp:attachment":[{"href":"https:\/\/junginstitut.study\/index.php?rest_route=%2Fwp%2Fv2%2Fmedia&parent=69"}],"curies":[{"name":"wp","href":"https:\/\/api.w.org\/{rel}","templated":true}]}}