{"id":84,"date":"2024-11-25T22:51:52","date_gmt":"2024-11-25T22:51:52","guid":{"rendered":"https:\/\/junginstitut.study\/?page_id=84"},"modified":"2024-11-25T22:55:38","modified_gmt":"2024-11-25T22:55:38","slug":"informazioni","status":"publish","type":"page","link":"https:\/\/junginstitut.study\/?page_id=84&lang=it","title":{"rendered":"Informazioni"},"content":{"rendered":"\n<p><strong>Benvenuto nell\u2019Associazione Studentesca<\/strong><\/p>\n\n\n\n<p>Come studente, fai automaticamente parte dell\u2019Associazione Studentesca.<\/p>\n\n\n\n<p>Le nostre attivit\u00e0 sono possibili grazie al tuo contributo volontario di 20 CHF al momento dell\u2019iscrizione al semestre. Grazie per il tuo sostegno!<\/p>\n\n\n\n<p>L\u2019Associazione Studentesca svolge diverse funzioni per favorire lo scambio e la collaborazione tra gli studenti e l\u2019istituto:<\/p>\n\n\n\n<h4 class=\"wp-block-heading\"><strong>Le Nostre Attivit\u00e0<\/strong><\/h4>\n\n\n\n<ul class=\"wp-block-list\">\n<li><strong>Rappresentanza degli interessi:<\/strong>\n<ul class=\"wp-block-list\">\n<li>Discutere e inoltrare le richieste, domande e preoccupazioni degli studenti alla direzione dell\u2019istituto.<\/li>\n\n\n\n<li>Partecipare a riunioni con la direzione del programma, la direzione degli studi, i comitati di programma e gli analisti accreditati (con diritto di voto).<\/li>\n<\/ul>\n<\/li>\n\n\n\n<li><strong>Punto di riferimento:<\/strong>\n<ul class=\"wp-block-list\">\n<li>Offrire supporto e rispondere alle domande di nuovi studenti interessati.<\/li>\n<\/ul>\n<\/li>\n\n\n\n<li><strong>Comunicazione:<\/strong>\n<ul class=\"wp-block-list\">\n<li>Fare da tramite tra gli studenti e l\u2019amministrazione dell\u2019istituto.<\/li>\n\n\n\n<li>Aggiornare e gestire il sito web degli studenti.<\/li>\n<\/ul>\n<\/li>\n\n\n\n<li><strong>Amministrazione:<\/strong>\n<ul class=\"wp-block-list\">\n<li>Gestire il conto bancario e il budget dell\u2019Associazione Studentesca.<\/li>\n<\/ul>\n<\/li>\n\n\n\n<li><strong>Gestione degli spazi:<\/strong>\n<ul class=\"wp-block-list\">\n<li>Mantenere e gestire la stanza degli studenti all\u2019ultimo piano dell\u2019istituto a K\u00fcsnacht.<\/li>\n<\/ul>\n<\/li>\n\n\n\n<li><strong>Networking:<\/strong>\n<ul class=\"wp-block-list\">\n<li>Promuovere lo scambio con studenti di altre istituzioni, come ISAP (<a href=\"http:\/\/www.isapzurich.com\">www.isapzurich.com<\/a>).<\/li>\n<\/ul>\n<\/li>\n<\/ul>\n\n\n\n<h3 class=\"wp-block-heading\"><strong>Incontri e Spazi di Condivisione<\/strong><\/h3>\n\n\n\n<p>L\u2019istituto offre numerose opportunit\u00e0 per incontri ispiranti \u2013 durante le lezioni, i seminari, nei corridoi, in giardino o al lago.<\/p>\n\n\n\n<p>Al <strong>secondo piano<\/strong>, troverai anche la <strong>stanza degli studenti con vista sul lago<\/strong>. Questo spazio \u00e8 a tua disposizione per mangiare, bere, chiacchierare, studiare o rilassarti. \u00c8 dotato di una macchina da caff\u00e8 Nespresso, un computer, una stampante, tavoli, sedie, divani e una bacheca.<\/p>\n\n\n\n<p>Siamo felici di darti il benvenuto nell\u2019Associazione Studentesca e di costruire insieme la vita dell\u2019istituto!<\/p>\n","protected":false},"excerpt":{"rendered":"<p>Benvenuto nell\u2019Associazione Studentesca Come studente, fai automaticamente parte dell\u2019Associazione Studentesca. Le nostre attivit\u00e0 sono possibili grazie al tuo contributo volontario di 20 CHF al momento dell\u2019iscrizione al&hellip; <span class=\"read-more\"><a class=\"more-link\" href=\"https:\/\/junginstitut.study\/?page_id=84&#038;lang=it\" rel=\"bookmark\">Read more <span class=\"screen-reader-text\">&#171;Informazioni&#187;<\/span><\/a><\/span><\/p>\n","protected":false},"author":1,"featured_media":0,"parent":0,"menu_order":0,"comment_status":"closed","ping_status":"closed","template":"","meta":{"footnotes":""},"class_list":["post-84","page","type-page","status-publish","hentry"],"_links":{"self":[{"href":"https:\/\/junginstitut.study\/index.php?rest_route=\/wp\/v2\/pages\/84","targetHints":{"allow":["GET"]}}],"collection":[{"href":"https:\/\/junginstitut.study\/index.php?rest_route=\/wp\/v2\/pages"}],"about":[{"href":"https:\/\/junginstitut.study\/index.php?rest_route=\/wp\/v2\/types\/page"}],"author":[{"embeddable":true,"href":"https:\/\/junginstitut.study\/index.php?rest_route=\/wp\/v2\/users\/1"}],"replies":[{"embeddable":true,"href":"https:\/\/junginstitut.study\/index.php?rest_route=%2Fwp%2Fv2%2Fcomments&post=84"}],"version-history":[{"count":3,"href":"https:\/\/junginstitut.study\/index.php?rest_route=\/wp\/v2\/pages\/84\/revisions"}],"predecessor-version":[{"id":94,"href":"https:\/\/junginstitut.study\/index.php?rest_route=\/wp\/v2\/pages\/84\/revisions\/94"}],"wp:attachment":[{"href":"https:\/\/junginstitut.study\/index.php?rest_route=%2Fwp%2Fv2%2Fmedia&parent=84"}],"curies":[{"name":"wp","href":"https:\/\/api.w.org\/{rel}","templated":true}]}}